{"id":3,"date":"2025-02-04T14:03:49","date_gmt":"2025-02-04T13:03:49","guid":{"rendered":"https:\/\/www.ircgroup.net\/?page_id=3"},"modified":"2025-02-08T16:05:21","modified_gmt":"2025-02-08T15:05:21","slug":"adatkezelesi-tajekoztato","status":"publish","type":"page","link":"https:\/\/www.ircgroup.net\/en\/adatkezelesi-tajekoztato\/","title":{"rendered":"Privacy Policy"},"content":{"rendered":"<h2 class=\"wp-block-heading\"><strong>Introduction<\/strong><\/h2>\n\n\n\n<p>This privacy policy explains how <strong>IRC Group Kft.<\/strong> (further: \"IRC Group\") collects, processes, and protects your personal data, as well as your rights in this regard.<\/p>\n\n\n\n<p>The IRC Group processes personal data for various purposes, which are collected directly from the data subject, such as:<\/p>\n\n\n\n<ul class=\"wp-block-list\">\n<li>when you engage IRC Group for administrative or other services,<\/li>\n\n\n\n<li>when you visit our website (<strong>ircgroup.net<\/strong>),<\/li>\n\n\n\n<li>when you provide your contact details to receive marketing materials,<\/li>\n\n\n\n<li>or when you apply for a job to IRC Group .<\/li>\n<\/ul>\n\n\n\n<p>Amennyiben szem\u00e9lyes adatainak kezel\u00e9s\u00e9vel kapcsolatban k\u00e9rd\u00e9se mer\u00fcl fel, k\u00e9rj\u00fck, l\u00e9pjen kapcsolatba vel\u00fcnk a <strong>irc@ircgroup.net<\/strong> c\u00edmen.<\/p>\n\n\n\n<h2 class=\"wp-block-heading\"><strong>What Personal Data Do We Process?<\/strong><\/h2>\n\n\n\n<p>Personal data includes any information that directly or indirectly identifies the data subject. This may include:<\/p>\n\n\n\n<ul class=\"wp-block-list\">\n<li>Name,<\/li>\n\n\n\n<li>Position, job title,<\/li>\n\n\n\n<li>Contact details (email, phone number),<\/li>\n\n\n\n<li>Company or organization name,<\/li>\n\n\n\n<li>Demographic data (country, postal code),<\/li>\n\n\n\n<li>Other information provided during business interactions.<\/li>\n<\/ul>\n\n\n\n<h2 class=\"wp-block-heading\"><strong>Purposes of Data Processing<\/strong><\/h2>\n\n\n\n<p>The IRC Group processes personal data for the following purposes:<\/p>\n\n\n\n<ul class=\"wp-block-list\">\n<li class=\"translation-block\">Managing and improving our website (<strong>ircgroup.net<\/strong>),<\/li>\n\n\n\n<li>Communicating with our clients and partners,<\/li>\n\n\n\n<li>Marketing communications (newsletters, promotions, event invitations),<\/li>\n\n\n\n<li>Handling job applications,<\/li>\n\n\n\n<li>Enhancing customer service,<\/li>\n\n\n\n<li>Monitoring social media presence and interactions,<\/li>\n\n\n\n<li>Organizing events and conferences,<\/li>\n\n\n\n<li>Complying with legal obligations.<\/li>\n<\/ul>\n\n\n\n<h2 class=\"wp-block-heading\"><strong>Legal Basis for Data Processing<\/strong><\/h2>\n\n\n\n<p>The IRC Group processes your personal data based on the following legal grounds:<\/p>\n\n\n\n<ul class=\"wp-block-list\">\n<li>Your consent,<\/li>\n\n\n\n<li>Performance of a contract,<\/li>\n\n\n\n<li>Compliance with legal obligations,<\/li>\n\n\n\n<li>Legitimate interests (e.g., service improvement, marketing communications).<\/li>\n<\/ul>\n\n\n\n<h2 class=\"wp-block-heading\"><strong>Retention of Personal Data<\/strong><\/h2>\n\n\n\n<p class=\"translation-block\">Your personal data is retained only as long as necessary for the purposes described in this policy. The general retention period is <strong>18 months<\/strong>, unless a different requirement is stipulated by law.<\/p>\n\n\n\n<h2 class=\"wp-block-heading\"><strong>Your Rights<\/strong><br>Regarding data processing, you have the following rights:<\/h2>\n\n\n\n<ul class=\"wp-block-list\">\n<li>Access your stored personal data,<\/li>\n\n\n\n<li>Request correction or deletion of your data,<\/li>\n\n\n\n<li>Object to data processing,<\/li>\n\n\n\n<li>Request restriction of data processing,<\/li>\n\n\n\n<li>Request data portability,<\/li>\n\n\n\n<li class=\"translation-block\">Lodge a complaint with the National Authority for Data Protection and Freedom of Information (<a href=\"https:\/\/www.naih.hu\/\" target=\"_self\"><strong>www.naih.hu<\/strong><\/a>).<\/li>\n<\/ul>\n\n\n\n<h2 class=\"wp-block-heading\"><strong>Security<\/strong><\/h2>\n\n\n\n<p>The IRC Group prioritizes the security of your data. Access to personal data is granted only to authorized personnel and is protected through appropriate security measures.<\/p>\n\n\n\n<h2 class=\"wp-block-heading\"><strong>Contact<\/strong><\/h2>\n\n\n\n<p>Amennyiben k\u00e9rd\u00e9se van az adatkezel\u00e9ssel kapcsolatban, k\u00e9rj\u00fck, vegye fel vel\u00fcnk a kapcsolatot az <strong>irc@ircgroup.net<\/strong> c\u00edmen.<\/p>\n\n\n\n<p>Last updated: 08.02.2025.<\/p>","protected":false},"excerpt":{"rendered":"<p>Bevezet\u00e9s Jelen adatkezel\u00e9si t\u00e1j\u00e9koztat\u00f3b\u00f3l megtudhatja, hogy az IRC Group Kft. (tov\u00e1bbiakban: &#8222;IRC Group&#8221;) hogyan gy\u0171jt, kezel \u00e9s v\u00e9di az \u00d6n szem\u00e9lyes adatait, valamint milyen jogai vannak ezzel kapcsolatban. Az IRC&hellip;<\/p>","protected":false},"author":1,"featured_media":395,"parent":0,"menu_order":0,"comment_status":"closed","ping_status":"open","template":"","meta":{"_monsterinsights_skip_tracking":false,"_monsterinsights_sitenote_active":false,"_monsterinsights_sitenote_note":"","_monsterinsights_sitenote_category":0,"_themeisle_gutenberg_block_has_review":false,"footnotes":""},"class_list":["post-3","page","type-page","status-publish","has-post-thumbnail","hentry"],"yoast_head":"<!-- This site is optimized with the Yoast SEO plugin v26.8 - https:\/\/yoast.com\/product\/yoast-seo-wordpress\/ -->\n<title>Adatkezel\u00e9si t\u00e1j\u00e9koztat\u00f3 - IRC Group KFT.<\/title>\n<meta name=\"robots\" content=\"index, follow, max-snippet:-1, max-image-preview:large, max-video-preview:-1\" \/>\n<link rel=\"canonical\" href=\"https:\/\/www.ircgroup.net\/en\/adatkezelesi-tajekoztato\/\" \/>\n<meta property=\"og:locale\" content=\"en_GB\" \/>\n<meta property=\"og:type\" content=\"article\" \/>\n<meta property=\"og:title\" content=\"Adatkezel\u00e9si t\u00e1j\u00e9koztat\u00f3 - IRC Group KFT.\" \/>\n<meta property=\"og:description\" content=\"Bevezet\u00e9s Jelen adatkezel\u00e9si t\u00e1j\u00e9koztat\u00f3b\u00f3l megtudhatja, hogy az IRC Group Kft. (tov\u00e1bbiakban: &#8222;IRC Group&#8221;) hogyan gy\u0171jt, kezel \u00e9s v\u00e9di az \u00d6n szem\u00e9lyes adatait, valamint milyen jogai vannak ezzel kapcsolatban. Az IRC&hellip;\" \/>\n<meta property=\"og:url\" content=\"https:\/\/www.ircgroup.net\/en\/adatkezelesi-tajekoztato\/\" \/>\n<meta property=\"og:site_name\" content=\"IRC Group KFT.\" \/>\n<meta property=\"article:publisher\" content=\"https:\/\/www.facebook.com\/share\/1FifhBGGYZ\/\" \/>\n<meta property=\"article:modified_time\" content=\"2025-02-08T15:05:21+00:00\" \/>\n<meta property=\"og:image\" content=\"https:\/\/www.ircgroup.net\/wp-content\/uploads\/2025\/02\/law-scaled.jpeg\" \/>\n\t<meta property=\"og:image:width\" content=\"2560\" \/>\n\t<meta property=\"og:image:height\" content=\"979\" \/>\n\t<meta property=\"og:image:type\" content=\"image\/jpeg\" \/>\n<meta name=\"twitter:card\" content=\"summary_large_image\" \/>\n<meta name=\"twitter:label1\" content=\"Estimated reading time\" \/>\n\t<meta name=\"twitter:data1\" content=\"2 minutes\" \/>\n<script type=\"application\/ld+json\" class=\"yoast-schema-graph\">{\"@context\":\"https:\/\/schema.org\",\"@graph\":[{\"@type\":\"WebPage\",\"@id\":\"https:\/\/www.ircgroup.net\/adatkezelesi-tajekoztato\/\",\"url\":\"https:\/\/www.ircgroup.net\/adatkezelesi-tajekoztato\/\",\"name\":\"Adatkezel\u00e9si t\u00e1j\u00e9koztat\u00f3 - IRC Group KFT.\",\"isPartOf\":{\"@id\":\"https:\/\/www.ircgroup.net\/#website\"},\"primaryImageOfPage\":{\"@id\":\"https:\/\/www.ircgroup.net\/adatkezelesi-tajekoztato\/#primaryimage\"},\"image\":{\"@id\":\"https:\/\/www.ircgroup.net\/adatkezelesi-tajekoztato\/#primaryimage\"},\"thumbnailUrl\":\"https:\/\/www.ircgroup.net\/wp-content\/uploads\/2025\/02\/law-scaled.jpeg\",\"datePublished\":\"2025-02-04T13:03:49+00:00\",\"dateModified\":\"2025-02-08T15:05:21+00:00\",\"breadcrumb\":{\"@id\":\"https:\/\/www.ircgroup.net\/adatkezelesi-tajekoztato\/#breadcrumb\"},\"inLanguage\":\"en-GB\",\"potentialAction\":[{\"@type\":\"ReadAction\",\"target\":[\"https:\/\/www.ircgroup.net\/adatkezelesi-tajekoztato\/\"]}]},{\"@type\":\"ImageObject\",\"inLanguage\":\"en-GB\",\"@id\":\"https:\/\/www.ircgroup.net\/adatkezelesi-tajekoztato\/#primaryimage\",\"url\":\"https:\/\/www.ircgroup.net\/wp-content\/uploads\/2025\/02\/law-scaled.jpeg\",\"contentUrl\":\"https:\/\/www.ircgroup.net\/wp-content\/uploads\/2025\/02\/law-scaled.jpeg\",\"width\":2560,\"height\":979,\"caption\":\"judge gavel, law books and scales of justice on desk in lawyer office. legal justice concept.\"},{\"@type\":\"BreadcrumbList\",\"@id\":\"https:\/\/www.ircgroup.net\/adatkezelesi-tajekoztato\/#breadcrumb\",\"itemListElement\":[{\"@type\":\"ListItem\",\"position\":1,\"name\":\"Home\",\"item\":\"https:\/\/www.ircgroup.net\/\"},{\"@type\":\"ListItem\",\"position\":2,\"name\":\"Adatkezel\u00e9si t\u00e1j\u00e9koztat\u00f3\"}]},{\"@type\":\"WebSite\",\"@id\":\"https:\/\/www.ircgroup.net\/#website\",\"url\":\"https:\/\/www.ircgroup.net\/\",\"name\":\"IRC Group KFT.\",\"description\":\"\",\"publisher\":{\"@id\":\"https:\/\/www.ircgroup.net\/#organization\"},\"potentialAction\":[{\"@type\":\"SearchAction\",\"target\":{\"@type\":\"EntryPoint\",\"urlTemplate\":\"https:\/\/www.ircgroup.net\/?s={search_term_string}\"},\"query-input\":{\"@type\":\"PropertyValueSpecification\",\"valueRequired\":true,\"valueName\":\"search_term_string\"}}],\"inLanguage\":\"en-GB\"},{\"@type\":\"Organization\",\"@id\":\"https:\/\/www.ircgroup.net\/#organization\",\"name\":\"IRC Group KFT.\",\"url\":\"https:\/\/www.ircgroup.net\/\",\"logo\":{\"@type\":\"ImageObject\",\"inLanguage\":\"en-GB\",\"@id\":\"https:\/\/www.ircgroup.net\/#\/schema\/logo\/image\/\",\"url\":\"https:\/\/www.ircgroup.net\/wp-content\/uploads\/2025\/02\/cropped-cropped-FullLogo_Transparent_NoBuffer-for-website-e1738767409888-1.png\",\"contentUrl\":\"https:\/\/www.ircgroup.net\/wp-content\/uploads\/2025\/02\/cropped-cropped-FullLogo_Transparent_NoBuffer-for-website-e1738767409888-1.png\",\"width\":150,\"height\":132,\"caption\":\"IRC Group KFT.\"},\"image\":{\"@id\":\"https:\/\/www.ircgroup.net\/#\/schema\/logo\/image\/\"},\"sameAs\":[\"https:\/\/www.facebook.com\/share\/1FifhBGGYZ\/\"]}]}<\/script>\n<!-- \/ Yoast SEO plugin. -->","yoast_head_json":{"title":"Adatkezel\u00e9si t\u00e1j\u00e9koztat\u00f3 - IRC Group KFT.","robots":{"index":"index","follow":"follow","max-snippet":"max-snippet:-1","max-image-preview":"max-image-preview:large","max-video-preview":"max-video-preview:-1"},"canonical":"https:\/\/www.ircgroup.net\/en\/adatkezelesi-tajekoztato\/","og_locale":"en_GB","og_type":"article","og_title":"Adatkezel\u00e9si t\u00e1j\u00e9koztat\u00f3 - IRC Group KFT.","og_description":"Bevezet\u00e9s Jelen adatkezel\u00e9si t\u00e1j\u00e9koztat\u00f3b\u00f3l megtudhatja, hogy az IRC Group Kft. (tov\u00e1bbiakban: &#8222;IRC Group&#8221;) hogyan gy\u0171jt, kezel \u00e9s v\u00e9di az \u00d6n szem\u00e9lyes adatait, valamint milyen jogai vannak ezzel kapcsolatban. Az IRC&hellip;","og_url":"https:\/\/www.ircgroup.net\/en\/adatkezelesi-tajekoztato\/","og_site_name":"IRC Group KFT.","article_publisher":"https:\/\/www.facebook.com\/share\/1FifhBGGYZ\/","article_modified_time":"2025-02-08T15:05:21+00:00","og_image":[{"width":2560,"height":979,"url":"https:\/\/www.ircgroup.net\/wp-content\/uploads\/2025\/02\/law-scaled.jpeg","type":"image\/jpeg"}],"twitter_card":"summary_large_image","twitter_misc":{"Estimated reading time":"2 minutes"},"schema":{"@context":"https:\/\/schema.org","@graph":[{"@type":"WebPage","@id":"https:\/\/www.ircgroup.net\/adatkezelesi-tajekoztato\/","url":"https:\/\/www.ircgroup.net\/adatkezelesi-tajekoztato\/","name":"Adatkezel\u00e9si t\u00e1j\u00e9koztat\u00f3 - IRC Group KFT.","isPartOf":{"@id":"https:\/\/www.ircgroup.net\/#website"},"primaryImageOfPage":{"@id":"https:\/\/www.ircgroup.net\/adatkezelesi-tajekoztato\/#primaryimage"},"image":{"@id":"https:\/\/www.ircgroup.net\/adatkezelesi-tajekoztato\/#primaryimage"},"thumbnailUrl":"https:\/\/www.ircgroup.net\/wp-content\/uploads\/2025\/02\/law-scaled.jpeg","datePublished":"2025-02-04T13:03:49+00:00","dateModified":"2025-02-08T15:05:21+00:00","breadcrumb":{"@id":"https:\/\/www.ircgroup.net\/adatkezelesi-tajekoztato\/#breadcrumb"},"inLanguage":"en-GB","potentialAction":[{"@type":"ReadAction","target":["https:\/\/www.ircgroup.net\/adatkezelesi-tajekoztato\/"]}]},{"@type":"ImageObject","inLanguage":"en-GB","@id":"https:\/\/www.ircgroup.net\/adatkezelesi-tajekoztato\/#primaryimage","url":"https:\/\/www.ircgroup.net\/wp-content\/uploads\/2025\/02\/law-scaled.jpeg","contentUrl":"https:\/\/www.ircgroup.net\/wp-content\/uploads\/2025\/02\/law-scaled.jpeg","width":2560,"height":979,"caption":"judge gavel, law books and scales of justice on desk in lawyer office. legal justice concept."},{"@type":"BreadcrumbList","@id":"https:\/\/www.ircgroup.net\/adatkezelesi-tajekoztato\/#breadcrumb","itemListElement":[{"@type":"ListItem","position":1,"name":"Home","item":"https:\/\/www.ircgroup.net\/"},{"@type":"ListItem","position":2,"name":"Adatkezel\u00e9si t\u00e1j\u00e9koztat\u00f3"}]},{"@type":"WebSite","@id":"https:\/\/www.ircgroup.net\/#website","url":"https:\/\/www.ircgroup.net\/","name":"IRC Group KFT.","description":"","publisher":{"@id":"https:\/\/www.ircgroup.net\/#organization"},"potentialAction":[{"@type":"SearchAction","target":{"@type":"EntryPoint","urlTemplate":"https:\/\/www.ircgroup.net\/?s={search_term_string}"},"query-input":{"@type":"PropertyValueSpecification","valueRequired":true,"valueName":"search_term_string"}}],"inLanguage":"en-GB"},{"@type":"Organization","@id":"https:\/\/www.ircgroup.net\/#organization","name":"IRC Group KFT.","url":"https:\/\/www.ircgroup.net\/","logo":{"@type":"ImageObject","inLanguage":"en-GB","@id":"https:\/\/www.ircgroup.net\/#\/schema\/logo\/image\/","url":"https:\/\/www.ircgroup.net\/wp-content\/uploads\/2025\/02\/cropped-cropped-FullLogo_Transparent_NoBuffer-for-website-e1738767409888-1.png","contentUrl":"https:\/\/www.ircgroup.net\/wp-content\/uploads\/2025\/02\/cropped-cropped-FullLogo_Transparent_NoBuffer-for-website-e1738767409888-1.png","width":150,"height":132,"caption":"IRC Group KFT."},"image":{"@id":"https:\/\/www.ircgroup.net\/#\/schema\/logo\/image\/"},"sameAs":["https:\/\/www.facebook.com\/share\/1FifhBGGYZ\/"]}]}},"_links":{"self":[{"href":"https:\/\/www.ircgroup.net\/en\/wp-json\/wp\/v2\/pages\/3","targetHints":{"allow":["GET"]}}],"collection":[{"href":"https:\/\/www.ircgroup.net\/en\/wp-json\/wp\/v2\/pages"}],"about":[{"href":"https:\/\/www.ircgroup.net\/en\/wp-json\/wp\/v2\/types\/page"}],"author":[{"embeddable":true,"href":"https:\/\/www.ircgroup.net\/en\/wp-json\/wp\/v2\/users\/1"}],"replies":[{"embeddable":true,"href":"https:\/\/www.ircgroup.net\/en\/wp-json\/wp\/v2\/comments?post=3"}],"version-history":[{"count":2,"href":"https:\/\/www.ircgroup.net\/en\/wp-json\/wp\/v2\/pages\/3\/revisions"}],"predecessor-version":[{"id":400,"href":"https:\/\/www.ircgroup.net\/en\/wp-json\/wp\/v2\/pages\/3\/revisions\/400"}],"wp:featuredmedia":[{"embeddable":true,"href":"https:\/\/www.ircgroup.net\/en\/wp-json\/wp\/v2\/media\/395"}],"wp:attachment":[{"href":"https:\/\/www.ircgroup.net\/en\/wp-json\/wp\/v2\/media?parent=3"}],"curies":[{"name":"wp","href":"https:\/\/api.w.org\/{rel}","templated":true}]}}